{"id":106,"date":"2022-09-01T10:04:57","date_gmt":"2022-09-01T08:04:57","guid":{"rendered":"https:\/\/poxclin.com\/at\/?post_type=product&#038;p=106"},"modified":"2024-12-06T15:07:55","modified_gmt":"2024-12-06T14:07:55","slug":"poxclin-bodymousse","status":"publish","type":"product","link":"https:\/\/poxclin.com\/at\/produkt\/poxclin-bodymousse\/","title":{"rendered":"PoxClin BodyMousse"},"content":{"rendered":"\n<div class=\"wp-block-karopharma-accordions is-style-transparent\"><div class=\"container\">\n<details class=\"wp-block-karopharma-accordion\"><summary><h2 class=\"accordion-title\">Anwendung<\/h2><\/summary><div class=\"accordion-content\">\n<div class=\"wp-block-karopharma-several-images-with-text several-images-with-text\"><div class=\"container large col-1 content-align-none\" test-data=\"inner-content\">\n<section class=\"wp-block-karopharma-image-with-text image-with-text image-with-text__full-width\"><div class=\"image-with-text-container \"><div class=\"image-with-text-container-image-container\"><img decoding=\"async\" loading=\"lazy\" src=\"https:\/\/poxclin.com\/cdn-cgi\/image\/format=auto\/app\/uploads\/sites\/2\/2022\/09\/chickenpox_howtouse_1.webp\" alt=\"chickenpox_howtouse_1\"\/><\/div><div class=\"image-with-text-container-content\" style=\"text-align:left\" data-test=\"content\"><div class=\"content\"><p class=\"body\" data-test=\"body\">Sch\u00fctteln Sie die Dose 1-2 mal<\/p>\n<div class=\"wp-block-buttons is-layout-flex wp-block-buttons-is-layout-flex\"><\/div>\n<\/div><\/div><\/div><\/section>\n\n\n\n<section class=\"wp-block-karopharma-image-with-text image-with-text image-with-text__full-width\"><div class=\"image-with-text-container \"><div class=\"image-with-text-container-image-container\"><img decoding=\"async\" loading=\"lazy\" src=\"https:\/\/poxclin.com\/cdn-cgi\/image\/format=auto\/app\/uploads\/sites\/2\/2022\/09\/chickenpox_howtouse_2.webp\" alt=\"chickenpox_howtouse_2\"\/><\/div><div class=\"image-with-text-container-content\" style=\"text-align:left\" data-test=\"content\"><div class=\"content\"><p class=\"body\" data-test=\"body\">Dr\u00fccken Sie den Schaum in Ihre Hand.<\/p>\n<div class=\"wp-block-buttons is-layout-flex wp-block-buttons-is-layout-flex\"><\/div>\n<\/div><\/div><\/div><\/section>\n\n\n\n<section class=\"wp-block-karopharma-image-with-text image-with-text image-with-text__full-width\"><div class=\"image-with-text-container \"><div class=\"image-with-text-container-image-container\"><img decoding=\"async\" loading=\"lazy\" src=\"https:\/\/poxclin.com\/cdn-cgi\/image\/format=auto\/app\/uploads\/sites\/2\/2022\/09\/chickenpox_howtouse_3.webp\" alt=\"chickenpox_howtouse_3\"\/><\/div><div class=\"image-with-text-container-content\" style=\"text-align:left\" data-test=\"content\"><div class=\"content\"><p class=\"body\" data-test=\"body\">F\u00fcr eine Behandlung von gro\u00dfen Hautfl\u00e4chen mit Windpocken: Reiben Sie den Schaum sanft in die Haut ein. Der leichte Schaum wird in k\u00fcrzester Zeit von der Haut absorbiert.<\/p>\n<div class=\"wp-block-buttons is-layout-flex wp-block-buttons-is-layout-flex\"><\/div>\n<\/div><\/div><\/div><\/section>\n<\/div><\/div>\n\n\n\n<div class=\"wp-block-karopharma-several-images-with-text several-images-with-text\"><div class=\"container large col-1 content-align-none\" test-data=\"inner-content\">\n<section class=\"wp-block-karopharma-image-with-text image-with-text image-with-text__full-width\"><div class=\"image-with-text-container \"><div class=\"image-with-text-container-image-container\"><img decoding=\"async\" loading=\"lazy\" src=\"https:\/\/poxclin.com\/cdn-cgi\/image\/format=auto\/app\/uploads\/sites\/2\/2022\/09\/chickenpox_howtouse_5.webp\" alt=\"chickenpox_howtouse_5\"\/><\/div><div class=\"image-with-text-container-content\" style=\"text-align:left\" data-test=\"content\"><div class=\"content\"><p class=\"body\" data-test=\"body\">Mindestens dreimal t\u00e4glich auftragen, oder immer dann, wenn eine Linderung der Beschwerden erw\u00fcnscht ist.<\/p>\n<div class=\"wp-block-buttons is-layout-flex wp-block-buttons-is-layout-flex\"><\/div>\n<\/div><\/div><\/div><\/section>\n\n\n\n<section class=\"wp-block-karopharma-image-with-text image-with-text image-with-text__full-width\"><div class=\"image-with-text-container \"><div class=\"image-with-text-container-image-container\"><img decoding=\"async\" loading=\"lazy\" src=\"https:\/\/poxclin.com\/cdn-cgi\/image\/format=auto\/app\/uploads\/sites\/2\/2022\/09\/chickenpox_cooling.webp\" alt=\"chickenpox_cooling\"\/><\/div><div class=\"image-with-text-container-content\" style=\"text-align:left\" data-test=\"content\"><div class=\"content\"><p class=\"body\" data-test=\"body\">F\u00fcr eine zus\u00e4tzliche k\u00fchlende Wirkung kann PoxClin\u00ae CoolMousse im K\u00fchlschrank aufbewahrt werden.<\/p>\n<div class=\"wp-block-buttons is-layout-flex wp-block-buttons-is-layout-flex\"><\/div>\n<\/div><\/div><\/div><\/section>\n\n\n\n<section class=\"wp-block-karopharma-image-with-text image-with-text image-with-text__full-width\"><div class=\"image-with-text-container \"><div class=\"image-with-text-container-image-container\"><img decoding=\"async\" loading=\"lazy\" src=\"https:\/\/poxclin.com\/cdn-cgi\/image\/format=auto\/app\/uploads\/sites\/2\/2022\/09\/chickenpox_howtouse_4.webp\" alt=\"chickenpox_howtouse_4\"\/><\/div><div class=\"image-with-text-container-content\" style=\"text-align:left\" data-test=\"content\"><div class=\"content\"><p class=\"body\" data-test=\"body\">Bei Augenkontakt sofort mit viel Wasser sp\u00fclen<\/p>\n<div class=\"wp-block-buttons is-layout-flex wp-block-buttons-is-layout-flex\"><\/div>\n<\/div><\/div><\/div><\/section>\n<\/div><\/div>\n<\/div><\/details>\n\n\n\n<details class=\"wp-block-karopharma-accordion\"><summary><h2 class=\"accordion-title\">Fakten<\/h2><\/summary><div class=\"accordion-content\">\n<p>PoxClin\u00ae CoolMousseBehandelt Symptome im Zusammenhang mit Herpes Zoster.<\/p>\n<\/div><\/details>\n\n\n\n<details class=\"wp-block-karopharma-accordion\"><summary><h2 class=\"accordion-title\">Wer bekommt G\u00fcrtelrose?<\/h2><\/summary><div class=\"accordion-content\">\n<p>G\u00fcrtelrose ist sehr verbreitet. F\u00fcnfzig Prozent aller Menschen werden im Alter von 80 Jahren G\u00fcrtelrose gehabt haben. W\u00e4hrend es bei Menschen jeden Alters auftritt, ist es am h\u00e4ufigsten, wenn Sie \u00e4lter werden. Etwa einer von drei \u00fcber 60-J\u00e4hrigen bekommt G\u00fcrtelrose.<\/p>\n<\/div><\/details>\n\n\n\n<details class=\"wp-block-karopharma-accordion\"><summary><h2 class=\"accordion-title\">Was ist G\u00fcrtelrose?<\/h2><\/summary><div class=\"accordion-content\">\n<p>G\u00fcrtelrose (auch als Varizella-Zoster bekannt) ist eine Hautkrankheit, die durch eine Reaktivierung des Windpockenvirus verursacht wird. Es ist charakteristisch, da es nur eine Seite des K\u00f6rpers betrifft, am h\u00e4ufigsten um den Torso. Die ersten Anzeichen einer G\u00fcrtelrose treten normalerweise in drei Stadien auf: starke Schmerzen oder Kribbeln, m\u00f6glicherweise juckender Hautausschlag, sowie Blasen, die sehr an Windpocken erinnern.<\/p>\n<\/div><\/details>\n\n\n\n<details class=\"wp-block-karopharma-accordion\"><summary><h2 class=\"accordion-title\">Was verursacht G\u00fcrtelrose?<\/h2><\/summary><div class=\"accordion-content\">\n<p>G\u00fcrtelrose wird durch ein Virus namens Varicella-Zoster-Virus verursacht, dasselbe Virus, das Windpocken verursacht. Nach einer erfolgreichen Heilung von Windpocken bleibt das Virus im K\u00f6rper weiterhin inaktiv. Zu einem sp\u00e4teren Zeitpunkt im Leben kann das Virus in Form von G\u00fcrtelrose wieder aktiv werden. Der Grund f\u00fcr die Reaktivierung ist unklar. Dies kann auf eine geschw\u00e4chte Immunit\u00e4t gegen Infektionen zur\u00fcckzuf\u00fchren sein, da dies bei \u00e4lteren Erwachsenen und Menschen mit einem schwachen Immunsystem weitaus h\u00e4ufiger vorkommt.<\/p>\n<\/div><\/details>\n<\/div><\/div>\n","protected":false},"excerpt":{"rendered":"","protected":false},"featured_media":134,"comment_status":"closed","ping_status":"closed","template":"","meta":{"_acf_changed":false,"footnotes":""},"product_brand":[],"product_cat":[],"product_tag":[],"class_list":{"0":"post-106","1":"product","2":"type-product","3":"status-publish","4":"has-post-thumbnail","7":"first","8":"instock","9":"shipping-taxable","10":"product-type-simple"},"acf":[],"yoast_head":"<!-- This site is optimized with the Yoast SEO plugin v26.6 - https:\/\/yoast.com\/wordpress\/plugins\/seo\/ -->\n<title>PoxClin BodyMousse - Poxclin<\/title>\n<meta name=\"description\" content=\"PoxClin\u00ae BodyMousse Behandelt Symptome im Zusammenhang mit Herpes Zoster.\" \/>\n<meta name=\"robots\" content=\"index, follow, max-snippet:-1, max-image-preview:large, max-video-preview:-1\" \/>\n<link rel=\"canonical\" href=\"https:\/\/poxclin.com\/at\/produkt\/poxclin-bodymousse\/\" \/>\n<meta property=\"og:locale\" content=\"de_DE\" \/>\n<meta property=\"og:type\" content=\"article\" \/>\n<meta property=\"og:title\" content=\"PoxClin BodyMousse - Poxclin\" \/>\n<meta property=\"og:description\" content=\"PoxClin\u00ae BodyMousse Behandelt Symptome im Zusammenhang mit Herpes Zoster.\" \/>\n<meta property=\"og:url\" content=\"https:\/\/poxclin.com\/at\/produkt\/poxclin-bodymousse\/\" \/>\n<meta property=\"og:site_name\" content=\"Poxclin\" \/>\n<meta property=\"article:modified_time\" content=\"2024-12-06T14:07:55+00:00\" \/>\n<meta property=\"og:image\" content=\"https:\/\/poxclin.com\/app\/uploads\/sites\/2\/2022\/09\/PoxClin_Bodymousse.png\" \/>\n\t<meta property=\"og:image:width\" content=\"500\" \/>\n\t<meta property=\"og:image:height\" content=\"500\" \/>\n\t<meta property=\"og:image:type\" content=\"image\/png\" \/>\n<meta name=\"twitter:card\" content=\"summary_large_image\" \/>\n<meta name=\"twitter:label1\" content=\"Gesch\u00e4tzte Lesezeit\" \/>\n\t<meta name=\"twitter:data1\" content=\"3 Minuten\" \/>\n<script type=\"application\/ld+json\" class=\"yoast-schema-graph\">{\"@context\":\"https:\/\/schema.org\",\"@graph\":[{\"@type\":\"WebPage\",\"@id\":\"https:\/\/poxclin.com\/at\/produkt\/poxclin-bodymousse\/\",\"url\":\"https:\/\/poxclin.com\/at\/produkt\/poxclin-bodymousse\/\",\"name\":\"PoxClin BodyMousse - Poxclin\",\"isPartOf\":{\"@id\":\"https:\/\/poxclin.com\/at\/#website\"},\"primaryImageOfPage\":{\"@id\":\"https:\/\/poxclin.com\/at\/produkt\/poxclin-bodymousse\/#primaryimage\"},\"image\":{\"@id\":\"https:\/\/poxclin.com\/at\/produkt\/poxclin-bodymousse\/#primaryimage\"},\"thumbnailUrl\":\"https:\/\/poxclin.com\/app\/uploads\/sites\/2\/2022\/09\/PoxClin_Bodymousse.png\",\"datePublished\":\"2022-09-01T08:04:57+00:00\",\"dateModified\":\"2024-12-06T14:07:55+00:00\",\"description\":\"PoxClin\u00ae BodyMousse Behandelt Symptome im Zusammenhang mit Herpes Zoster.\",\"breadcrumb\":{\"@id\":\"https:\/\/poxclin.com\/at\/produkt\/poxclin-bodymousse\/#breadcrumb\"},\"inLanguage\":\"de-AT\",\"potentialAction\":[{\"@type\":\"ReadAction\",\"target\":[\"https:\/\/poxclin.com\/at\/produkt\/poxclin-bodymousse\/\"]}]},{\"@type\":\"ImageObject\",\"inLanguage\":\"de-AT\",\"@id\":\"https:\/\/poxclin.com\/at\/produkt\/poxclin-bodymousse\/#primaryimage\",\"url\":\"https:\/\/poxclin.com\/app\/uploads\/sites\/2\/2022\/09\/PoxClin_Bodymousse.png\",\"contentUrl\":\"https:\/\/poxclin.com\/app\/uploads\/sites\/2\/2022\/09\/PoxClin_Bodymousse.png\",\"width\":500,\"height\":500,\"caption\":\"PoxClin_Bodymousse\"},{\"@type\":\"BreadcrumbList\",\"@id\":\"https:\/\/poxclin.com\/at\/produkt\/poxclin-bodymousse\/#breadcrumb\",\"itemListElement\":[{\"@type\":\"ListItem\",\"position\":1,\"name\":\"Produkte\",\"item\":\"https:\/\/poxclin.com\/at\/produkte\/\"},{\"@type\":\"ListItem\",\"position\":2,\"name\":\"PoxClin BodyMousse\"}]},{\"@type\":\"WebSite\",\"@id\":\"https:\/\/poxclin.com\/at\/#website\",\"url\":\"https:\/\/poxclin.com\/at\/\",\"name\":\"Poxclin\",\"description\":\"\",\"publisher\":{\"@id\":\"https:\/\/poxclin.com\/at\/#organization\"},\"potentialAction\":[{\"@type\":\"SearchAction\",\"target\":{\"@type\":\"EntryPoint\",\"urlTemplate\":\"https:\/\/poxclin.com\/at\/?s={search_term_string}\"},\"query-input\":{\"@type\":\"PropertyValueSpecification\",\"valueRequired\":true,\"valueName\":\"search_term_string\"}}],\"inLanguage\":\"de-AT\"},{\"@type\":\"Organization\",\"@id\":\"https:\/\/poxclin.com\/at\/#organization\",\"name\":\"Poxclin\",\"url\":\"https:\/\/poxclin.com\/at\/\",\"logo\":{\"@type\":\"ImageObject\",\"inLanguage\":\"de-AT\",\"@id\":\"https:\/\/poxclin.com\/at\/#\/schema\/logo\/image\/\",\"url\":\"https:\/\/poxclin.com\/app\/uploads\/sites\/2\/2022\/08\/PoxClin-logo.png\",\"contentUrl\":\"https:\/\/poxclin.com\/app\/uploads\/sites\/2\/2022\/08\/PoxClin-logo.png\",\"width\":88,\"height\":24,\"caption\":\"Poxclin\"},\"image\":{\"@id\":\"https:\/\/poxclin.com\/at\/#\/schema\/logo\/image\/\"}}]}<\/script>\n<!-- \/ Yoast SEO plugin. -->","yoast_head_json":{"title":"PoxClin BodyMousse - Poxclin","description":"PoxClin\u00ae BodyMousse Behandelt Symptome im Zusammenhang mit Herpes Zoster.","robots":{"index":"index","follow":"follow","max-snippet":"max-snippet:-1","max-image-preview":"max-image-preview:large","max-video-preview":"max-video-preview:-1"},"canonical":"https:\/\/poxclin.com\/at\/produkt\/poxclin-bodymousse\/","og_locale":"de_DE","og_type":"article","og_title":"PoxClin BodyMousse - Poxclin","og_description":"PoxClin\u00ae BodyMousse Behandelt Symptome im Zusammenhang mit Herpes Zoster.","og_url":"https:\/\/poxclin.com\/at\/produkt\/poxclin-bodymousse\/","og_site_name":"Poxclin","article_modified_time":"2024-12-06T14:07:55+00:00","og_image":[{"width":500,"height":500,"url":"https:\/\/poxclin.com\/app\/uploads\/sites\/2\/2022\/09\/PoxClin_Bodymousse.png","type":"image\/png"}],"twitter_card":"summary_large_image","twitter_misc":{"Gesch\u00e4tzte Lesezeit":"3 Minuten"},"schema":{"@context":"https:\/\/schema.org","@graph":[{"@type":"WebPage","@id":"https:\/\/poxclin.com\/at\/produkt\/poxclin-bodymousse\/","url":"https:\/\/poxclin.com\/at\/produkt\/poxclin-bodymousse\/","name":"PoxClin BodyMousse - Poxclin","isPartOf":{"@id":"https:\/\/poxclin.com\/at\/#website"},"primaryImageOfPage":{"@id":"https:\/\/poxclin.com\/at\/produkt\/poxclin-bodymousse\/#primaryimage"},"image":{"@id":"https:\/\/poxclin.com\/at\/produkt\/poxclin-bodymousse\/#primaryimage"},"thumbnailUrl":"https:\/\/poxclin.com\/app\/uploads\/sites\/2\/2022\/09\/PoxClin_Bodymousse.png","datePublished":"2022-09-01T08:04:57+00:00","dateModified":"2024-12-06T14:07:55+00:00","description":"PoxClin\u00ae BodyMousse Behandelt Symptome im Zusammenhang mit Herpes Zoster.","breadcrumb":{"@id":"https:\/\/poxclin.com\/at\/produkt\/poxclin-bodymousse\/#breadcrumb"},"inLanguage":"de-AT","potentialAction":[{"@type":"ReadAction","target":["https:\/\/poxclin.com\/at\/produkt\/poxclin-bodymousse\/"]}]},{"@type":"ImageObject","inLanguage":"de-AT","@id":"https:\/\/poxclin.com\/at\/produkt\/poxclin-bodymousse\/#primaryimage","url":"https:\/\/poxclin.com\/app\/uploads\/sites\/2\/2022\/09\/PoxClin_Bodymousse.png","contentUrl":"https:\/\/poxclin.com\/app\/uploads\/sites\/2\/2022\/09\/PoxClin_Bodymousse.png","width":500,"height":500,"caption":"PoxClin_Bodymousse"},{"@type":"BreadcrumbList","@id":"https:\/\/poxclin.com\/at\/produkt\/poxclin-bodymousse\/#breadcrumb","itemListElement":[{"@type":"ListItem","position":1,"name":"Produkte","item":"https:\/\/poxclin.com\/at\/produkte\/"},{"@type":"ListItem","position":2,"name":"PoxClin BodyMousse"}]},{"@type":"WebSite","@id":"https:\/\/poxclin.com\/at\/#website","url":"https:\/\/poxclin.com\/at\/","name":"Poxclin","description":"","publisher":{"@id":"https:\/\/poxclin.com\/at\/#organization"},"potentialAction":[{"@type":"SearchAction","target":{"@type":"EntryPoint","urlTemplate":"https:\/\/poxclin.com\/at\/?s={search_term_string}"},"query-input":{"@type":"PropertyValueSpecification","valueRequired":true,"valueName":"search_term_string"}}],"inLanguage":"de-AT"},{"@type":"Organization","@id":"https:\/\/poxclin.com\/at\/#organization","name":"Poxclin","url":"https:\/\/poxclin.com\/at\/","logo":{"@type":"ImageObject","inLanguage":"de-AT","@id":"https:\/\/poxclin.com\/at\/#\/schema\/logo\/image\/","url":"https:\/\/poxclin.com\/app\/uploads\/sites\/2\/2022\/08\/PoxClin-logo.png","contentUrl":"https:\/\/poxclin.com\/app\/uploads\/sites\/2\/2022\/08\/PoxClin-logo.png","width":88,"height":24,"caption":"Poxclin"},"image":{"@id":"https:\/\/poxclin.com\/at\/#\/schema\/logo\/image\/"}}]}},"_links":{"self":[{"href":"https:\/\/poxclin.com\/at\/wp-json\/wp\/v2\/product\/106","targetHints":{"allow":["GET"]}}],"collection":[{"href":"https:\/\/poxclin.com\/at\/wp-json\/wp\/v2\/product"}],"about":[{"href":"https:\/\/poxclin.com\/at\/wp-json\/wp\/v2\/types\/product"}],"replies":[{"embeddable":true,"href":"https:\/\/poxclin.com\/at\/wp-json\/wp\/v2\/comments?post=106"}],"version-history":[{"count":9,"href":"https:\/\/poxclin.com\/at\/wp-json\/wp\/v2\/product\/106\/revisions"}],"predecessor-version":[{"id":231,"href":"https:\/\/poxclin.com\/at\/wp-json\/wp\/v2\/product\/106\/revisions\/231"}],"wp:featuredmedia":[{"embeddable":true,"href":"https:\/\/poxclin.com\/at\/wp-json\/wp\/v2\/media\/134"}],"wp:attachment":[{"href":"https:\/\/poxclin.com\/at\/wp-json\/wp\/v2\/media?parent=106"}],"wp:term":[{"taxonomy":"product_brand","embeddable":true,"href":"https:\/\/poxclin.com\/at\/wp-json\/wp\/v2\/product_brand?post=106"},{"taxonomy":"product_cat","embeddable":true,"href":"https:\/\/poxclin.com\/at\/wp-json\/wp\/v2\/product_cat?post=106"},{"taxonomy":"product_tag","embeddable":true,"href":"https:\/\/poxclin.com\/at\/wp-json\/wp\/v2\/product_tag?post=106"}],"curies":[{"name":"wp","href":"https:\/\/api.w.org\/{rel}","templated":true}]}}